{"id":2,"date":"2020-01-07T02:10:19","date_gmt":"2020-01-07T01:10:19","guid":{"rendered":"http:\/\/kinderschutzbund-regen.de\/wordpress\/?page_id=2"},"modified":"2023-07-07T20:27:30","modified_gmt":"2023-07-07T18:27:30","slug":"angebote","status":"publish","type":"page","link":"http:\/\/www.kinderschutzbund-regen.de\/?page_id=2","title":{"rendered":"Angebote"},"content":{"rendered":"\n<p>Der Kinderschutzbund Regen-Viechtach e.\u2009V. bietet ein breitgef\u00e4chertes Spektrum an Angeboten zur Unterst\u00fctzung von Kindern und Familien. Auf den folgenden Seiten stellen wir Ihnen die T\u00e4tigkeitsfelder, Arbeiten und Aufgaben des Kinderschutzbundes n\u00e4her vor.<\/p>\n\n\n\n<ul>\n<li><a href=\"http:\/\/www.kinderschutzbund-regen.de\/?page_id=91\">Betreuung und Hilfe<\/a><\/li>\n\n\n\n<li><a href=\"http:\/\/www.kinderschutzbund-regen.de\/?page_id=83\">Eltern-Caf\u00e9<\/a><\/li>\n\n\n\n<li><a href=\"http:\/\/www.kinderschutzbund-regen.de\/?page_id=61\">Fahrdienst<\/a><\/li>\n\n\n\n<li><a href=\"http:\/\/www.kinderschutzbund-regen.de\/?page_id=46\">Familienpaten<\/a><\/li>\n\n\n\n<li><a href=\"http:\/\/www.kinderschutzbund-regen.de\/?page_id=54\">Freizeitgestaltung<\/a><\/li>\n\n\n\n<li><a href=\"http:\/\/www.kinderschutzbund-regen.de\/?page_id=159\">Kinderg\u00e4rten<\/a><\/li>\n\n\n\n<li><a href=\"http:\/\/www.kinderschutzbund-regen.de\/?page_id=2\">Kleiderkammer<\/a><\/li>\n<\/ul>\n","protected":false},"excerpt":{"rendered":"<p>Der Kinderschutzbund Regen-Viechtach e.\u2009V. bietet ein breitgef\u00e4chertes Spektrum an Angeboten zur Unterst\u00fctzung von Kindern und Familien. Auf den folgenden Seiten stellen wir Ihnen die T\u00e4tigkeitsfelder, Arbeiten und Aufgaben des Kinderschutzbundes n\u00e4her vor.<\/p>\n","protected":false},"author":1,"featured_media":0,"parent":0,"menu_order":30,"comment_status":"closed","ping_status":"open","template":"","meta":[],"_links":{"self":[{"href":"http:\/\/www.kinderschutzbund-regen.de\/index.php?rest_route=\/wp\/v2\/pages\/2"}],"collection":[{"href":"http:\/\/www.kinderschutzbund-regen.de\/index.php?rest_route=\/wp\/v2\/pages"}],"about":[{"href":"http:\/\/www.kinderschutzbund-regen.de\/index.php?rest_route=\/wp\/v2\/types\/page"}],"author":[{"embeddable":true,"href":"http:\/\/www.kinderschutzbund-regen.de\/index.php?rest_route=\/wp\/v2\/users\/1"}],"replies":[{"embeddable":true,"href":"http:\/\/www.kinderschutzbund-regen.de\/index.php?rest_route=%2Fwp%2Fv2%2Fcomments&post=2"}],"version-history":[{"count":8,"href":"http:\/\/www.kinderschutzbund-regen.de\/index.php?rest_route=\/wp\/v2\/pages\/2\/revisions"}],"predecessor-version":[{"id":822,"href":"http:\/\/www.kinderschutzbund-regen.de\/index.php?rest_route=\/wp\/v2\/pages\/2\/revisions\/822"}],"wp:attachment":[{"href":"http:\/\/www.kinderschutzbund-regen.de\/index.php?rest_route=%2Fwp%2Fv2%2Fmedia&parent=2"}],"curies":[{"name":"wp","href":"https:\/\/api.w.org\/{rel}","templated":true}]}}